{"id":512,"date":"2025-02-19T08:01:37","date_gmt":"2025-02-19T08:01:37","guid":{"rendered":"https:\/\/futurhinos-ai.com\/?page_id=512"},"modified":"2025-02-19T08:01:37","modified_gmt":"2025-02-19T08:01:37","slug":"impressum","status":"publish","type":"page","link":"https:\/\/futurhinos-ai.com\/en\/impressum\/","title":{"rendered":"Imprint"},"content":{"rendered":"<p><strong>\u201eFuturhinos\u201c<\/strong><br>Gottlieb-Daimler-Str. 20<\/p>\n\n\n\n<p>73614 Schorndorf<\/p>\n\n\n\n<p>E-Mail: info@futurhinos.de<\/p>\n\n\n\n<p><strong>Inhaltlich Verantwortliche gem\u00e4\u00df \u00a7 55 Abs. 2 RStV:<\/strong><br>Astrid Schubert <\/p>\n\n\n\n<p>Gottlieb-Daimler-Str. 20<\/p>\n\n\n\n<p>73614 Schorndorf<\/p>\n\n\n\n<p><br>E-Mail: info@futurhinos.de<\/p>\n\n\n\n<p><strong>Haftungshinweis:<\/strong><br>Trotz sorgf\u00e4ltiger inhaltlicher Kontrolle \u00fcbernehmen wir keine Haftung f\u00fcr die Inhalte externer Links. F\u00fcr den Inhalt der verlinkten Seiten sind ausschlie\u00dflich deren Betreiber verantwortlich.<\/p>","protected":false},"excerpt":{"rendered":"<p>\u201eFuturhinos\u201cGottlieb-Daimler-Str. 20 73614 Schorndorf E-Mail: info@futurhinos.de Inhaltlich Verantwortliche gem\u00e4\u00df \u00a7 55 Abs. 2 RStV:Astrid Schubert Gottlieb-Daimler-Str. 20 73614 Schorndorf E-Mail: info@futurhinos.de Haftungshinweis:Trotz sorgf\u00e4ltiger inhaltlicher Kontrolle \u00fcbernehmen wir keine Haftung f\u00fcr die Inhalte externer Links. F\u00fcr den Inhalt der verlinkten Seiten sind ausschlie\u00dflich deren Betreiber verantwortlich.<\/p>","protected":false},"author":1,"featured_media":0,"parent":0,"menu_order":0,"comment_status":"closed","ping_status":"closed","template":"","meta":{"footnotes":""},"class_list":["post-512","page","type-page","status-publish","hentry"],"_links":{"self":[{"href":"https:\/\/futurhinos-ai.com\/en\/wp-json\/wp\/v2\/pages\/512","targetHints":{"allow":["GET"]}}],"collection":[{"href":"https:\/\/futurhinos-ai.com\/en\/wp-json\/wp\/v2\/pages"}],"about":[{"href":"https:\/\/futurhinos-ai.com\/en\/wp-json\/wp\/v2\/types\/page"}],"author":[{"embeddable":true,"href":"https:\/\/futurhinos-ai.com\/en\/wp-json\/wp\/v2\/users\/1"}],"replies":[{"embeddable":true,"href":"https:\/\/futurhinos-ai.com\/en\/wp-json\/wp\/v2\/comments?post=512"}],"version-history":[{"count":1,"href":"https:\/\/futurhinos-ai.com\/en\/wp-json\/wp\/v2\/pages\/512\/revisions"}],"predecessor-version":[{"id":513,"href":"https:\/\/futurhinos-ai.com\/en\/wp-json\/wp\/v2\/pages\/512\/revisions\/513"}],"wp:attachment":[{"href":"https:\/\/futurhinos-ai.com\/en\/wp-json\/wp\/v2\/media?parent=512"}],"curies":[{"name":"wp","href":"https:\/\/api.w.org\/{rel}","templated":true}]}}